{"id":502,"date":"2025-08-14T02:18:34","date_gmt":"2025-08-14T02:18:34","guid":{"rendered":"https:\/\/ecommercecostarica.com\/pcr\/?page_id=502"},"modified":"2025-08-15T00:02:45","modified_gmt":"2025-08-15T00:02:45","slug":"soluciones-industriales","status":"publish","type":"page","link":"https:\/\/ecommercecostarica.com\/pcr\/soluciones-industriales\/","title":{"rendered":"Soluciones Industriales"},"content":{"rendered":"\t\t<div data-elementor-type=\"wp-page\" data-elementor-id=\"502\" class=\"elementor elementor-502\" data-elementor-post-type=\"page\">\n\t\t\t\t<div class=\"elementor-element elementor-element-44ce0353 e-flex e-con-boxed e-con e-parent\" data-id=\"44ce0353\" data-element_type=\"container\" data-e-type=\"container\">\n\t\t\t\t\t<div class=\"e-con-inner\">\n\t\t\t\t<div class=\"elementor-element elementor-element-33e6d33a elementor-widget elementor-widget-text-editor\" data-id=\"33e6d33a\" data-element_type=\"widget\" data-e-type=\"widget\" data-widget_type=\"text-editor.default\">\n\t\t\t\t\t\t\t\t\t<h2><span style=\"color: #333333;\">Soluciones industriales en Filtraci\u00f3n y Purificaci\u00f3n de agua<\/span><\/h2><p class=\"item-intro text-muted\">Tecnolog\u00eda<\/p>\t\t\t\t\t\t\t\t<\/div>\n\t\t\t\t\t<\/div>\n\t\t\t\t<\/div>\n\t\t<div class=\"elementor-element elementor-element-910fb9b e-flex e-con-boxed e-con e-parent\" data-id=\"910fb9b\" data-element_type=\"container\" data-e-type=\"container\">\n\t\t\t\t\t<div class=\"e-con-inner\">\n\t\t\t\t<div class=\"elementor-element elementor-element-72af4cef elementor-widget elementor-widget-image\" data-id=\"72af4cef\" data-element_type=\"widget\" data-e-type=\"widget\" data-widget_type=\"image.default\">\n\t\t\t\t\t\t\t\t\t\t\t\t\t\t\t<img fetchpriority=\"high\" decoding=\"async\" width=\"800\" height=\"534\" src=\"https:\/\/ecommercecostarica.com\/pcr\/wp-content\/uploads\/2025\/08\/WhatsApp-Image-2025-08-12-at-4.50.02-PM-1024x683.jpeg\" class=\"attachment-large size-large wp-image-508\" alt=\"\" srcset=\"https:\/\/ecommercecostarica.com\/pcr\/wp-content\/uploads\/2025\/08\/WhatsApp-Image-2025-08-12-at-4.50.02-PM-1024x683.jpeg 1024w, https:\/\/ecommercecostarica.com\/pcr\/wp-content\/uploads\/2025\/08\/WhatsApp-Image-2025-08-12-at-4.50.02-PM-300x200.jpeg 300w, https:\/\/ecommercecostarica.com\/pcr\/wp-content\/uploads\/2025\/08\/WhatsApp-Image-2025-08-12-at-4.50.02-PM-768x512.jpeg 768w, https:\/\/ecommercecostarica.com\/pcr\/wp-content\/uploads\/2025\/08\/WhatsApp-Image-2025-08-12-at-4.50.02-PM.jpeg 1536w\" sizes=\"(max-width: 800px) 100vw, 800px\" \/>\t\t\t\t\t\t\t\t\t\t\t\t\t\t\t<\/div>\n\t\t\t\t\t<\/div>\n\t\t\t\t<\/div>\n\t\t<div class=\"elementor-element elementor-element-7f6c1636 e-flex e-con-boxed e-con e-parent\" data-id=\"7f6c1636\" data-element_type=\"container\" data-e-type=\"container\">\n\t\t\t\t\t<div class=\"e-con-inner\">\n\t\t\t\t<div class=\"elementor-element elementor-element-e875bec elementor-widget elementor-widget-text-editor\" data-id=\"e875bec\" data-element_type=\"widget\" data-e-type=\"widget\" data-widget_type=\"text-editor.default\">\n\t\t\t\t\t\t\t\t\t<p>En Purificadores de Agua Costa Rica, somos especialistas en equipos industriales de alto rendimiento para garantizar agua pura y segura en procesos productivos exigentes.<\/p><p>\ud83d\udd39 Sistemas de filtraci\u00f3n de alto caudal<br \/>\ud83d\udd39 Purificadores con tecnolog\u00eda avanzada (ozono, UV, carb\u00f3n activado, \u00f3smosis inversa)<br \/>\ud83d\udd39 Dise\u00f1o e instalaci\u00f3n personalizada seg\u00fan su industria<br \/>\ud83d\udd39 Soporte t\u00e9cnico y repuestos en todo Costa Rica<\/p>\t\t\t\t\t\t\t\t<\/div>\n\t\t\t\t\t<\/div>\n\t\t\t\t<\/div>\n\t\t<div class=\"elementor-element elementor-element-79436e0f elementor-hidden-mobile elementor-hidden-desktop elementor-hidden-tablet e-flex e-con-boxed e-con e-parent\" data-id=\"79436e0f\" data-element_type=\"container\" data-e-type=\"container\">\n\t\t\t\t\t<div class=\"e-con-inner\">\n\t\t<div class=\"elementor-element elementor-element-64978a6c e-con-full e-flex e-con e-child\" data-id=\"64978a6c\" data-element_type=\"container\" data-e-type=\"container\">\n\t\t\t\t<div class=\"elementor-element elementor-element-6b2d6445 elementor-widget elementor-widget-button\" data-id=\"6b2d6445\" data-element_type=\"widget\" data-e-type=\"widget\" data-widget_type=\"button.default\">\n\t\t\t\t\t\t\t\t\t\t<a class=\"elementor-button elementor-button-link elementor-size-sm\" href=\"https:\/\/ecommercecostarica.com\/pcr\/suavizador-de-agua-en-costa-rica\/\">\n\t\t\t\t\t\t<span class=\"elementor-button-content-wrapper\">\n\t\t\t\t\t\t\t\t\t<span class=\"elementor-button-text\">Anterior<\/span>\n\t\t\t\t\t<\/span>\n\t\t\t\t\t<\/a>\n\t\t\t\t\t\t\t\t<\/div>\n\t\t\t\t<\/div>\n\t\t<div class=\"elementor-element elementor-element-2c0c3143 e-con-full e-flex e-con e-child\" data-id=\"2c0c3143\" data-element_type=\"container\" data-e-type=\"container\">\n\t\t\t\t<\/div>\n\t\t<div class=\"elementor-element elementor-element-7b1f1928 e-con-full e-flex e-con e-child\" data-id=\"7b1f1928\" data-element_type=\"container\" data-e-type=\"container\">\n\t\t\t\t<div class=\"elementor-element elementor-element-4ca08841 elementor-align-right elementor-widget elementor-widget-button\" data-id=\"4ca08841\" data-element_type=\"widget\" data-e-type=\"widget\" data-widget_type=\"button.default\">\n\t\t\t\t\t\t\t\t\t\t<a class=\"elementor-button elementor-button-link elementor-size-sm\" href=\"https:\/\/ecommercecostarica.com\/pcr\/osmosis-inversa\/\">\n\t\t\t\t\t\t<span class=\"elementor-button-content-wrapper\">\n\t\t\t\t\t\t\t\t\t<span class=\"elementor-button-text\">Siguiente<\/span>\n\t\t\t\t\t<\/span>\n\t\t\t\t\t<\/a>\n\t\t\t\t\t\t\t\t<\/div>\n\t\t\t\t<\/div>\n\t\t\t\t\t<\/div>\n\t\t\t\t<\/div>\n\t\t<div class=\"elementor-element elementor-element-23ed5388 elementor-hidden-desktop elementor-hidden-tablet elementor-hidden-mobile e-flex e-con-boxed e-con e-parent\" data-id=\"23ed5388\" data-element_type=\"container\" data-e-type=\"container\">\n\t\t\t\t\t<div class=\"e-con-inner\">\n\t\t<div class=\"elementor-element elementor-element-488d1c04 e-con-full e-flex e-con e-child\" data-id=\"488d1c04\" data-element_type=\"container\" data-e-type=\"container\">\n\t\t\t\t<div class=\"elementor-element elementor-element-65543f1d elementor-mobile-align-center elementor-widget elementor-widget-button\" data-id=\"65543f1d\" data-element_type=\"widget\" data-e-type=\"widget\" data-widget_type=\"button.default\">\n\t\t\t\t\t\t\t\t\t\t<a class=\"elementor-button elementor-button-link elementor-size-sm\" href=\"https:\/\/ecommercecostarica.com\/pcr\/suavizador-de-agua-en-costa-rica\/\">\n\t\t\t\t\t\t<span class=\"elementor-button-content-wrapper\">\n\t\t\t\t\t\t\t\t\t<span class=\"elementor-button-text\">Anterior<\/span>\n\t\t\t\t\t<\/span>\n\t\t\t\t\t<\/a>\n\t\t\t\t\t\t\t\t<\/div>\n\t\t\t\t<div class=\"elementor-element elementor-element-6cda68d0 elementor-mobile-align-center elementor-widget elementor-widget-button\" data-id=\"6cda68d0\" data-element_type=\"widget\" data-e-type=\"widget\" data-widget_type=\"button.default\">\n\t\t\t\t\t\t\t\t\t\t<a class=\"elementor-button elementor-button-link elementor-size-sm\" href=\"https:\/\/ecommercecostarica.com\/pcr\/osmosis-inversa\/\">\n\t\t\t\t\t\t<span class=\"elementor-button-content-wrapper\">\n\t\t\t\t\t\t\t\t\t<span class=\"elementor-button-text\">Siguiente<\/span>\n\t\t\t\t\t<\/span>\n\t\t\t\t\t<\/a>\n\t\t\t\t\t\t\t\t<\/div>\n\t\t\t\t<\/div>\n\t\t\t\t\t<\/div>\n\t\t\t\t<\/div>\n\t\t\t\t<\/div>\n\t\t","protected":false},"excerpt":{"rendered":"<p>Soluciones industriales en Filtraci\u00f3n y Purificaci\u00f3n de agua Tecnolog\u00eda En Purificadores de Agua Costa Rica, somos especialistas en equipos industriales de alto rendimiento para garantizar agua pura y segura en procesos productivos exigentes. \ud83d\udd39 Sistemas de filtraci\u00f3n de alto caudal\ud83d\udd39 Purificadores con tecnolog\u00eda avanzada (ozono, UV, carb\u00f3n activado, \u00f3smosis inversa)\ud83d\udd39 Dise\u00f1o e instalaci\u00f3n personalizada seg\u00fan [&hellip;]<\/p>\n","protected":false},"author":1,"featured_media":0,"parent":0,"menu_order":0,"comment_status":"closed","ping_status":"closed","template":"","meta":{"footnotes":""},"class_list":["post-502","page","type-page","status-publish","hentry"],"_links":{"self":[{"href":"https:\/\/ecommercecostarica.com\/pcr\/wp-json\/wp\/v2\/pages\/502","targetHints":{"allow":["GET"]}}],"collection":[{"href":"https:\/\/ecommercecostarica.com\/pcr\/wp-json\/wp\/v2\/pages"}],"about":[{"href":"https:\/\/ecommercecostarica.com\/pcr\/wp-json\/wp\/v2\/types\/page"}],"author":[{"embeddable":true,"href":"https:\/\/ecommercecostarica.com\/pcr\/wp-json\/wp\/v2\/users\/1"}],"replies":[{"embeddable":true,"href":"https:\/\/ecommercecostarica.com\/pcr\/wp-json\/wp\/v2\/comments?post=502"}],"version-history":[{"count":13,"href":"https:\/\/ecommercecostarica.com\/pcr\/wp-json\/wp\/v2\/pages\/502\/revisions"}],"predecessor-version":[{"id":578,"href":"https:\/\/ecommercecostarica.com\/pcr\/wp-json\/wp\/v2\/pages\/502\/revisions\/578"}],"wp:attachment":[{"href":"https:\/\/ecommercecostarica.com\/pcr\/wp-json\/wp\/v2\/media?parent=502"}],"curies":[{"name":"wp","href":"https:\/\/api.w.org\/{rel}","templated":true}]}}