{"id":348,"date":"2025-08-08T23:27:35","date_gmt":"2025-08-08T23:27:35","guid":{"rendered":"https:\/\/ecommercecostarica.com\/pcr\/?page_id=348"},"modified":"2025-08-26T09:30:09","modified_gmt":"2025-08-26T09:30:09","slug":"suavizador-de-agua-en-costa-rica","status":"publish","type":"page","link":"https:\/\/ecommercecostarica.com\/pcr\/suavizador-de-agua-en-costa-rica\/","title":{"rendered":"SUAVIZADOR DE AGUA EN COSTA RICA"},"content":{"rendered":"\t\t<div data-elementor-type=\"wp-page\" data-elementor-id=\"348\" class=\"elementor elementor-348\" data-elementor-post-type=\"page\">\n\t\t\t\t<div class=\"elementor-element elementor-element-c1fcac3 e-flex e-con-boxed e-con e-parent\" data-id=\"c1fcac3\" data-element_type=\"container\" data-e-type=\"container\">\n\t\t\t\t\t<div class=\"e-con-inner\">\n\t\t\t\t<div class=\"elementor-element elementor-element-c11e48b elementor-widget elementor-widget-text-editor\" data-id=\"c11e48b\" data-element_type=\"widget\" data-e-type=\"widget\" data-widget_type=\"text-editor.default\">\n\t\t\t\t\t\t\t\t\t<h2><span style=\"color: #333333;\">SUAVIZADOR DE AGUA EN COSTA RICA<\/span><\/h2><p class=\"item-intro text-muted\">Purificaci\u00f3n Garantizada<\/p>\t\t\t\t\t\t\t\t<\/div>\n\t\t\t\t\t<\/div>\n\t\t\t\t<\/div>\n\t\t<div class=\"elementor-element elementor-element-09ade4b e-flex e-con-boxed e-con e-parent\" data-id=\"09ade4b\" data-element_type=\"container\" data-e-type=\"container\">\n\t\t\t\t\t<div class=\"e-con-inner\">\n\t\t\t\t<div class=\"elementor-element elementor-element-ced517b elementor-widget elementor-widget-image\" data-id=\"ced517b\" data-element_type=\"widget\" data-e-type=\"widget\" data-widget_type=\"image.default\">\n\t\t\t\t\t\t\t\t\t\t\t\t\t\t\t<img fetchpriority=\"high\" decoding=\"async\" width=\"720\" height=\"857\" src=\"https:\/\/ecommercecostarica.com\/pcr\/wp-content\/uploads\/2025\/08\/suavizador01-2.jpg\" class=\"attachment-large size-large wp-image-350\" alt=\"\" srcset=\"https:\/\/ecommercecostarica.com\/pcr\/wp-content\/uploads\/2025\/08\/suavizador01-2.jpg 720w, https:\/\/ecommercecostarica.com\/pcr\/wp-content\/uploads\/2025\/08\/suavizador01-2-252x300.jpg 252w\" sizes=\"(max-width: 720px) 100vw, 720px\" \/>\t\t\t\t\t\t\t\t\t\t\t\t\t\t\t<\/div>\n\t\t\t\t\t<\/div>\n\t\t\t\t<\/div>\n\t\t<div class=\"elementor-element elementor-element-c126bf2 e-flex e-con-boxed e-con e-parent\" data-id=\"c126bf2\" data-element_type=\"container\" data-e-type=\"container\">\n\t\t\t\t\t<div class=\"e-con-inner\">\n\t\t\t\t<div class=\"elementor-element elementor-element-5c2b751 elementor-widget elementor-widget-text-editor\" data-id=\"5c2b751\" data-element_type=\"widget\" data-e-type=\"widget\" data-widget_type=\"text-editor.default\">\n\t\t\t\t\t\t\t\t\t<p><span style=\"color: #333333;\"><strong>\u00bfCu\u00e1les son los beneficios de un suavizador de agua?<\/strong><\/span><\/p>\t\t\t\t\t\t\t\t<\/div>\n\t\t\t\t\t<\/div>\n\t\t\t\t<\/div>\n\t\t<div class=\"elementor-element elementor-element-1ac143e e-flex e-con-boxed e-con e-parent\" data-id=\"1ac143e\" data-element_type=\"container\" data-e-type=\"container\" data-settings=\"{&quot;background_background&quot;:&quot;classic&quot;}\">\n\t\t\t\t\t<div class=\"e-con-inner\">\n\t\t\t\t<div class=\"elementor-element elementor-element-8233ac3 elementor-widget elementor-widget-text-editor\" data-id=\"8233ac3\" data-element_type=\"widget\" data-e-type=\"widget\" data-widget_type=\"text-editor.default\">\n\t\t\t\t\t\t\t\t\t<ul class=\"list-group text-left\"><li class=\"list-group-item list-group-item-info\"><span style=\"color: #31708f;\"><strong>1)\u00a0<\/strong>Previene el deterioro r\u00e1pido de ca\u00f1er\u00edas de transporte y llaves de agua.<\/span><\/li><li class=\"list-group-item list-group-item-info\"><span style=\"color: #31708f;\"><strong>2)\u00a0<\/strong>Evita la formaci\u00f3n de sarro y el deterioro de torres de enfriamiento, unidades condensadoras y otros equipos delicados.<\/span><\/li><li class=\"list-group-item list-group-item-info\"><span style=\"color: #31708f;\"><strong>3)\u00a0<\/strong>Impide el taponamiento de duchas, coffemakers, lavadoras, etc.<\/span><\/li><li class=\"list-group-item list-group-item-info\"><span style=\"color: #31708f;\"><strong>4)\u00a0<\/strong>Mejora notablemente la eficiencia t\u00e9rmica en sistemas de intercambio de calor.<\/span><\/li><li class=\"list-group-item list-group-item-info\"><span style=\"color: #31708f;\"><strong>5)\u00a0<\/strong>Mejora el rendimiento de jabones y detergentes industriales.<\/span><\/li><\/ul>\t\t\t\t\t\t\t\t<\/div>\n\t\t\t\t\t<\/div>\n\t\t\t\t<\/div>\n\t\t<div class=\"elementor-element elementor-element-b876dc3 e-flex e-con-boxed e-con e-parent\" data-id=\"b876dc3\" data-element_type=\"container\" data-e-type=\"container\">\n\t\t\t\t\t<div class=\"e-con-inner\">\n\t\t\t\t<div class=\"elementor-element elementor-element-33027ff elementor-widget elementor-widget-text-editor\" data-id=\"33027ff\" data-element_type=\"widget\" data-e-type=\"widget\" data-widget_type=\"text-editor.default\">\n\t\t\t\t\t\t\t\t\t<p>El suavizador de agua, tambi\u00e9n llamado ablandador de agua, le va evitar incrustaciones en la tuber\u00eda de minerales. Por lo tanto, su agua seria de calidad.<\/p><p>Suavizador de agua residencial e industrial<\/p>\t\t\t\t\t\t\t\t<\/div>\n\t\t\t\t\t<\/div>\n\t\t\t\t<\/div>\n\t\t<div class=\"elementor-element elementor-element-d2d9c32 elementor-hidden-mobile e-flex e-con-boxed e-con e-parent\" data-id=\"d2d9c32\" data-element_type=\"container\" data-e-type=\"container\">\n\t\t\t\t\t<div class=\"e-con-inner\">\n\t\t<div class=\"elementor-element elementor-element-45d1f54 e-con-full e-flex e-con e-child\" data-id=\"45d1f54\" data-element_type=\"container\" data-e-type=\"container\">\n\t\t\t\t<div class=\"elementor-element elementor-element-e9a560b elementor-widget elementor-widget-button\" data-id=\"e9a560b\" data-element_type=\"widget\" data-e-type=\"widget\" data-widget_type=\"button.default\">\n\t\t\t\t\t\t\t\t\t\t<a class=\"elementor-button elementor-button-link elementor-size-sm\" href=\"https:\/\/purificadorescr.com\/doulton\/\">\n\t\t\t\t\t\t<span class=\"elementor-button-content-wrapper\">\n\t\t\t\t\t\t\t\t\t<span class=\"elementor-button-text\">Anterior<\/span>\n\t\t\t\t\t<\/span>\n\t\t\t\t\t<\/a>\n\t\t\t\t\t\t\t\t<\/div>\n\t\t\t\t<\/div>\n\t\t<div class=\"elementor-element elementor-element-9a482e1 e-con-full e-flex e-con e-child\" data-id=\"9a482e1\" data-element_type=\"container\" data-e-type=\"container\">\n\t\t\t\t<\/div>\n\t\t<div class=\"elementor-element elementor-element-2805f5e e-con-full e-flex e-con e-child\" data-id=\"2805f5e\" data-element_type=\"container\" data-e-type=\"container\">\n\t\t\t\t<div class=\"elementor-element elementor-element-4790961 elementor-align-right elementor-widget elementor-widget-button\" data-id=\"4790961\" data-element_type=\"widget\" data-e-type=\"widget\" data-widget_type=\"button.default\">\n\t\t\t\t\t\t\t\t\t\t<a class=\"elementor-button elementor-button-link elementor-size-sm\" href=\"https:\/\/purificadorescr.com\/osmosis-inversa\/\">\n\t\t\t\t\t\t<span class=\"elementor-button-content-wrapper\">\n\t\t\t\t\t\t\t\t\t<span class=\"elementor-button-text\">Siguiente<\/span>\n\t\t\t\t\t<\/span>\n\t\t\t\t\t<\/a>\n\t\t\t\t\t\t\t\t<\/div>\n\t\t\t\t<\/div>\n\t\t\t\t\t<\/div>\n\t\t\t\t<\/div>\n\t\t<div class=\"elementor-element elementor-element-8dcef0d elementor-hidden-desktop elementor-hidden-tablet e-flex e-con-boxed e-con e-parent\" data-id=\"8dcef0d\" data-element_type=\"container\" data-e-type=\"container\">\n\t\t\t\t\t<div class=\"e-con-inner\">\n\t\t<div class=\"elementor-element elementor-element-b40eb69 e-con-full e-flex e-con e-child\" data-id=\"b40eb69\" data-element_type=\"container\" data-e-type=\"container\">\n\t\t\t\t<div class=\"elementor-element elementor-element-c711bd6 elementor-mobile-align-center elementor-widget elementor-widget-button\" data-id=\"c711bd6\" data-element_type=\"widget\" data-e-type=\"widget\" data-widget_type=\"button.default\">\n\t\t\t\t\t\t\t\t\t\t<a class=\"elementor-button elementor-button-link elementor-size-sm\" href=\"https:\/\/purificadorescr.com\/doulton\/\">\n\t\t\t\t\t\t<span class=\"elementor-button-content-wrapper\">\n\t\t\t\t\t\t\t\t\t<span class=\"elementor-button-text\">Anterior<\/span>\n\t\t\t\t\t<\/span>\n\t\t\t\t\t<\/a>\n\t\t\t\t\t\t\t\t<\/div>\n\t\t\t\t<div class=\"elementor-element elementor-element-6f58beb elementor-mobile-align-center elementor-widget elementor-widget-button\" data-id=\"6f58beb\" data-element_type=\"widget\" data-e-type=\"widget\" data-widget_type=\"button.default\">\n\t\t\t\t\t\t\t\t\t\t<a class=\"elementor-button elementor-button-link elementor-size-sm\" href=\"https:\/\/purificadorescr.com\/osmosis-inversa\/\">\n\t\t\t\t\t\t<span class=\"elementor-button-content-wrapper\">\n\t\t\t\t\t\t\t\t\t<span class=\"elementor-button-text\">Siguiente<\/span>\n\t\t\t\t\t<\/span>\n\t\t\t\t\t<\/a>\n\t\t\t\t\t\t\t\t<\/div>\n\t\t\t\t<\/div>\n\t\t\t\t\t<\/div>\n\t\t\t\t<\/div>\n\t\t\t\t<\/div>\n\t\t","protected":false},"excerpt":{"rendered":"<p>SUAVIZADOR DE AGUA EN COSTA RICA Purificaci\u00f3n Garantizada \u00bfCu\u00e1les son los beneficios de un suavizador de agua? 1)\u00a0Previene el deterioro r\u00e1pido de ca\u00f1er\u00edas de transporte y llaves de agua. 2)\u00a0Evita la formaci\u00f3n de sarro y el deterioro de torres de enfriamiento, unidades condensadoras y otros equipos delicados. 3)\u00a0Impide el taponamiento de duchas, coffemakers, lavadoras, etc. [&hellip;]<\/p>\n","protected":false},"author":1,"featured_media":0,"parent":0,"menu_order":0,"comment_status":"closed","ping_status":"closed","template":"","meta":{"footnotes":""},"class_list":["post-348","page","type-page","status-publish","hentry"],"_links":{"self":[{"href":"https:\/\/ecommercecostarica.com\/pcr\/wp-json\/wp\/v2\/pages\/348","targetHints":{"allow":["GET"]}}],"collection":[{"href":"https:\/\/ecommercecostarica.com\/pcr\/wp-json\/wp\/v2\/pages"}],"about":[{"href":"https:\/\/ecommercecostarica.com\/pcr\/wp-json\/wp\/v2\/types\/page"}],"author":[{"embeddable":true,"href":"https:\/\/ecommercecostarica.com\/pcr\/wp-json\/wp\/v2\/users\/1"}],"replies":[{"embeddable":true,"href":"https:\/\/ecommercecostarica.com\/pcr\/wp-json\/wp\/v2\/comments?post=348"}],"version-history":[{"count":25,"href":"https:\/\/ecommercecostarica.com\/pcr\/wp-json\/wp\/v2\/pages\/348\/revisions"}],"predecessor-version":[{"id":616,"href":"https:\/\/ecommercecostarica.com\/pcr\/wp-json\/wp\/v2\/pages\/348\/revisions\/616"}],"wp:attachment":[{"href":"https:\/\/ecommercecostarica.com\/pcr\/wp-json\/wp\/v2\/media?parent=348"}],"curies":[{"name":"wp","href":"https:\/\/api.w.org\/{rel}","templated":true}]}}