{"id":251,"date":"2025-08-08T04:16:57","date_gmt":"2025-08-08T04:16:57","guid":{"rendered":"https:\/\/ecommercecostarica.com\/pcr\/?page_id=251"},"modified":"2025-08-26T08:56:36","modified_gmt":"2025-08-26T08:56:36","slug":"osmosis-inversa","status":"publish","type":"page","link":"https:\/\/ecommercecostarica.com\/pcr\/osmosis-inversa\/","title":{"rendered":"Osmosis Inversa"},"content":{"rendered":"\t\t<div data-elementor-type=\"wp-page\" data-elementor-id=\"251\" class=\"elementor elementor-251\" data-elementor-post-type=\"page\">\n\t\t\t\t<div class=\"elementor-element elementor-element-7cc15bd e-flex e-con-boxed e-con e-parent\" data-id=\"7cc15bd\" data-element_type=\"container\" data-e-type=\"container\">\n\t\t\t\t\t<div class=\"e-con-inner\">\n\t\t\t\t<div class=\"elementor-element elementor-element-84ed707 elementor-widget elementor-widget-text-editor\" data-id=\"84ed707\" data-element_type=\"widget\" data-e-type=\"widget\" data-widget_type=\"text-editor.default\">\n\t\t\t\t\t\t\t\t\t<h2 style=\"text-align: left;\"><span style=\"color: #333333;\">Osmosis Inversa<\/span><\/h2><p class=\"item-intro text-muted\" style=\"text-align: left;\">Purificaci\u00f3n optimizada<\/p>\t\t\t\t\t\t\t\t<\/div>\n\t\t\t\t\t<\/div>\n\t\t\t\t<\/div>\n\t\t<div class=\"elementor-element elementor-element-35b7e47 e-flex e-con-boxed e-con e-parent\" data-id=\"35b7e47\" data-element_type=\"container\" data-e-type=\"container\">\n\t\t\t\t\t<div class=\"e-con-inner\">\n\t\t\t\t<div class=\"elementor-element elementor-element-7bdd1e6 elementor-widget elementor-widget-image\" data-id=\"7bdd1e6\" data-element_type=\"widget\" data-e-type=\"widget\" data-widget_type=\"image.default\">\n\t\t\t\t\t\t\t\t\t\t\t\t\t\t\t<img fetchpriority=\"high\" decoding=\"async\" width=\"400\" height=\"289\" src=\"https:\/\/ecommercecostarica.com\/pcr\/wp-content\/uploads\/2025\/08\/osmosis_inversa_purificadores_costa_rica-1.png\" class=\"attachment-large size-large wp-image-253\" alt=\"\" srcset=\"https:\/\/ecommercecostarica.com\/pcr\/wp-content\/uploads\/2025\/08\/osmosis_inversa_purificadores_costa_rica-1.png 400w, https:\/\/ecommercecostarica.com\/pcr\/wp-content\/uploads\/2025\/08\/osmosis_inversa_purificadores_costa_rica-1-300x217.png 300w\" sizes=\"(max-width: 400px) 100vw, 400px\" \/>\t\t\t\t\t\t\t\t\t\t\t\t\t\t\t<\/div>\n\t\t\t\t\t<\/div>\n\t\t\t\t<\/div>\n\t\t<div class=\"elementor-element elementor-element-fbbf58b e-flex e-con-boxed e-con e-parent\" data-id=\"fbbf58b\" data-element_type=\"container\" data-e-type=\"container\">\n\t\t\t\t\t<div class=\"e-con-inner\">\n\t\t\t\t<div class=\"elementor-element elementor-element-2292966 elementor-widget elementor-widget-text-editor\" data-id=\"2292966\" data-element_type=\"widget\" data-e-type=\"widget\" data-widget_type=\"text-editor.default\">\n\t\t\t\t\t\t\t\t\t<p style=\"text-align: left;\">Si busca a purificar agua con las mejores condiciones del mercado actual, y asegurar as\u00ed que \u00e9l agua que consume est\u00e9 realmente purificada y filtrada ante cualquier tipo de escenario que se presente, este purificador Osmosis Inversa es la mejor opci\u00f3n.<\/p><p style=\"text-align: left;\"><span style=\"color: #333333;\"><strong>\u00bfC\u00f3mo funciona?<\/strong><\/span><br \/>Este sistema trabaja en 5 etapas pasando a si por diferentes niveles de purificaci\u00f3n y filtraci\u00f3n, logrando as\u00ed obtener una alt\u00edsima calidad superando as\u00ed por mucho a otros purificadores que ofrecen en el mercado.<\/p>\t\t\t\t\t\t\t\t<\/div>\n\t\t\t\t\t<\/div>\n\t\t\t\t<\/div>\n\t\t<div class=\"elementor-element elementor-element-ca8622c e-flex e-con-boxed e-con e-parent\" data-id=\"ca8622c\" data-element_type=\"container\" data-e-type=\"container\" data-settings=\"{&quot;background_background&quot;:&quot;classic&quot;}\">\n\t\t\t\t\t<div class=\"e-con-inner\">\n\t\t\t\t<div class=\"elementor-element elementor-element-4f49b68 elementor-widget elementor-widget-text-editor\" data-id=\"4f49b68\" data-element_type=\"widget\" data-e-type=\"widget\" data-widget_type=\"text-editor.default\">\n\t\t\t\t\t\t\t\t\t<ul class=\"list-group text-left\"><li class=\"list-group-item list-group-item-info\"><strong>Etapa 1 &#8211; Sedimento:<\/strong>\u00a0Eliminaci\u00f3n de tierra, arena, part\u00edculas de polvo, \u00f3xido y otras part\u00edculas s\u00f3lidas en el agua.<\/li><li class=\"list-group-item list-group-item-info\"><strong>Etapa 2: Pre-Carbono:<\/strong>\u00a0Eliminaci\u00f3n del cloro, qu\u00edmico y olor y sabor indeseables.<\/li><li class=\"list-group-item list-group-item-info\"><strong>Etapa 3 -Bacteriol\u00f3gico:<\/strong>\u00a0En esta etapa, el agua pasa por una capa de material filtrante, hecha de una aleaci\u00f3n especial de alta pureza con dos metales desiguales \u2013 Cobre y Zinc KDF-55D. Este medio filtrante patentado en 1987 por KDF Tratamiento de fluidos. Es el mayor avance en tecnolog\u00eda de tratamiento de agua que trabaja bajo los principios de la reducci\u00f3n electroqu\u00edmica, reducci\u00f3n y oxidaci\u00f3n espontanea.<\/li><li class=\"list-group-item list-group-item-info\"><strong>Etapa 4 &#8211; Osmosis Inversa:<\/strong>\u00a0Contiene un flujo promedio de (GPD):50, 75, 100,150 GPD optimizando as\u00ed la eliminaci\u00f3n de ars\u00e9nico, aluminio, amonio, amianto, bicarbonato, calcio, cloruro, cianuro, hierro, magnesio, manganeso, mercurio, fosfato, plata, sodio, estroncio, sulfatos y zinc. Obteniendo as\u00ed una magnifica eliminaci\u00f3n de TSD (Total de s\u00f3lidos Disueltos).<\/li><li class=\"list-group-item list-group-item-info\"><strong>Etapa 5: Post-Carbono:<\/strong>\u00a0El filtro de Post-Carbono es el encargado de regresas el ph al agua y as\u00ed devolver el sabor natural del agua, as\u00ed como la de un manantial.<\/li><\/ul>\t\t\t\t\t\t\t\t<\/div>\n\t\t\t\t\t<\/div>\n\t\t\t\t<\/div>\n\t\t<div class=\"elementor-element elementor-element-fd2d64f elementor-hidden-mobile e-flex e-con-boxed e-con e-parent\" data-id=\"fd2d64f\" data-element_type=\"container\" data-e-type=\"container\">\n\t\t\t\t\t<div class=\"e-con-inner\">\n\t\t<div class=\"elementor-element elementor-element-b4a9009 e-con-full e-flex e-con e-child\" data-id=\"b4a9009\" data-element_type=\"container\" data-e-type=\"container\">\n\t\t\t\t<div class=\"elementor-element elementor-element-df20f08 elementor-widget elementor-widget-button\" data-id=\"df20f08\" data-element_type=\"widget\" data-e-type=\"widget\" data-widget_type=\"button.default\">\n\t\t\t\t\t\t\t\t\t\t<a class=\"elementor-button elementor-button-link elementor-size-sm\" href=\"https:\/\/purificadorescr.com\/suavizador-de-agua-en-costa-rica\/\">\n\t\t\t\t\t\t<span class=\"elementor-button-content-wrapper\">\n\t\t\t\t\t\t\t\t\t<span class=\"elementor-button-text\">Anterior<\/span>\n\t\t\t\t\t<\/span>\n\t\t\t\t\t<\/a>\n\t\t\t\t\t\t\t\t<\/div>\n\t\t\t\t<\/div>\n\t\t<div class=\"elementor-element elementor-element-396e96e e-con-full e-flex e-con e-child\" data-id=\"396e96e\" data-element_type=\"container\" data-e-type=\"container\">\n\t\t\t\t<\/div>\n\t\t<div class=\"elementor-element elementor-element-87be6e1 e-con-full e-flex e-con e-child\" data-id=\"87be6e1\" data-element_type=\"container\" data-e-type=\"container\">\n\t\t\t\t<div class=\"elementor-element elementor-element-6c63b26 elementor-align-right elementor-widget elementor-widget-button\" data-id=\"6c63b26\" data-element_type=\"widget\" data-e-type=\"widget\" data-widget_type=\"button.default\">\n\t\t\t\t\t\t\t\t\t\t<a class=\"elementor-button elementor-button-link elementor-size-sm\" href=\"https:\/\/purificadorescr.com\/ozono\/\">\n\t\t\t\t\t\t<span class=\"elementor-button-content-wrapper\">\n\t\t\t\t\t\t\t\t\t<span class=\"elementor-button-text\">Siguiente<\/span>\n\t\t\t\t\t<\/span>\n\t\t\t\t\t<\/a>\n\t\t\t\t\t\t\t\t<\/div>\n\t\t\t\t<\/div>\n\t\t\t\t\t<\/div>\n\t\t\t\t<\/div>\n\t\t<div class=\"elementor-element elementor-element-264f5cb elementor-hidden-desktop elementor-hidden-tablet e-flex e-con-boxed e-con e-parent\" data-id=\"264f5cb\" data-element_type=\"container\" data-e-type=\"container\">\n\t\t\t\t\t<div class=\"e-con-inner\">\n\t\t<div class=\"elementor-element elementor-element-4a9a2fc e-con-full e-flex e-con e-child\" data-id=\"4a9a2fc\" data-element_type=\"container\" data-e-type=\"container\">\n\t\t\t\t<div class=\"elementor-element elementor-element-f39d2a4 elementor-mobile-align-center elementor-widget elementor-widget-button\" data-id=\"f39d2a4\" data-element_type=\"widget\" data-e-type=\"widget\" data-widget_type=\"button.default\">\n\t\t\t\t\t\t\t\t\t\t<a class=\"elementor-button elementor-button-link elementor-size-sm\" href=\"https:\/\/purificadorescr.com\/suavizador-de-agua-en-costa-rica\/\">\n\t\t\t\t\t\t<span class=\"elementor-button-content-wrapper\">\n\t\t\t\t\t\t\t\t\t<span class=\"elementor-button-text\">Anterior<\/span>\n\t\t\t\t\t<\/span>\n\t\t\t\t\t<\/a>\n\t\t\t\t\t\t\t\t<\/div>\n\t\t\t\t<div class=\"elementor-element elementor-element-5dde503 elementor-mobile-align-center elementor-widget elementor-widget-button\" data-id=\"5dde503\" data-element_type=\"widget\" data-e-type=\"widget\" data-widget_type=\"button.default\">\n\t\t\t\t\t\t\t\t\t\t<a class=\"elementor-button elementor-button-link elementor-size-sm\" href=\"https:\/\/purificadorescr.com\/ozono\/\">\n\t\t\t\t\t\t<span class=\"elementor-button-content-wrapper\">\n\t\t\t\t\t\t\t\t\t<span class=\"elementor-button-text\">Siquiente<\/span>\n\t\t\t\t\t<\/span>\n\t\t\t\t\t<\/a>\n\t\t\t\t\t\t\t\t<\/div>\n\t\t\t\t<\/div>\n\t\t\t\t\t<\/div>\n\t\t\t\t<\/div>\n\t\t<div class=\"elementor-element elementor-element-5f9d2b3 e-flex e-con-boxed e-con e-parent\" data-id=\"5f9d2b3\" data-element_type=\"container\" data-e-type=\"container\">\n\t\t\t\t\t<div class=\"e-con-inner\">\n\t\t\t\t\t<\/div>\n\t\t\t\t<\/div>\n\t\t\t\t<\/div>\n\t\t","protected":false},"excerpt":{"rendered":"<p>Osmosis Inversa Purificaci\u00f3n optimizada Si busca a purificar agua con las mejores condiciones del mercado actual, y asegurar as\u00ed que \u00e9l agua que consume est\u00e9 realmente purificada y filtrada ante cualquier tipo de escenario que se presente, este purificador Osmosis Inversa es la mejor opci\u00f3n. \u00bfC\u00f3mo funciona?Este sistema trabaja en 5 etapas pasando a si [&hellip;]<\/p>\n","protected":false},"author":1,"featured_media":0,"parent":0,"menu_order":0,"comment_status":"closed","ping_status":"closed","template":"","meta":{"footnotes":""},"class_list":["post-251","page","type-page","status-publish","hentry"],"_links":{"self":[{"href":"https:\/\/ecommercecostarica.com\/pcr\/wp-json\/wp\/v2\/pages\/251","targetHints":{"allow":["GET"]}}],"collection":[{"href":"https:\/\/ecommercecostarica.com\/pcr\/wp-json\/wp\/v2\/pages"}],"about":[{"href":"https:\/\/ecommercecostarica.com\/pcr\/wp-json\/wp\/v2\/types\/page"}],"author":[{"embeddable":true,"href":"https:\/\/ecommercecostarica.com\/pcr\/wp-json\/wp\/v2\/users\/1"}],"replies":[{"embeddable":true,"href":"https:\/\/ecommercecostarica.com\/pcr\/wp-json\/wp\/v2\/comments?post=251"}],"version-history":[{"count":31,"href":"https:\/\/ecommercecostarica.com\/pcr\/wp-json\/wp\/v2\/pages\/251\/revisions"}],"predecessor-version":[{"id":598,"href":"https:\/\/ecommercecostarica.com\/pcr\/wp-json\/wp\/v2\/pages\/251\/revisions\/598"}],"wp:attachment":[{"href":"https:\/\/ecommercecostarica.com\/pcr\/wp-json\/wp\/v2\/media?parent=251"}],"curies":[{"name":"wp","href":"https:\/\/api.w.org\/{rel}","templated":true}]}}