{"id":2,"date":"2015-07-14T09:00:02","date_gmt":"2015-07-14T09:00:02","guid":{"rendered":"http:\/\/themes.muffingroup.com\/be\/software\/?page_id=2"},"modified":"2025-06-08T04:59:31","modified_gmt":"2025-06-08T04:59:31","slug":"ecommerce-costa-rica","status":"publish","type":"page","link":"https:\/\/ecommercecostarica.com\/","title":{"rendered":"ecommerce costa rica"},"content":{"rendered":"\n<h2 class=\"has-text-align-center wp-block-heading\"><strong>Ecommerce en Costa Rica<\/strong><\/h2>\n\n\n\n<p>La demanda del ecommerce en Costa Rica ha crecido exponencialmente segun El Financiero de Costa Rica, ya que nuestro pais tiene infraestructura y sistemas de logistica de envio a domicilio para cualqueir tipo de negocio que quiera operar bajo esta modalidad.<\/p>\n\n\n\n<p>En Ecommerce Costa Rica te explicaremos como operan las empresas costarricences atravez del comercio electronico y como han incrementado sus ventas.<\/p>\n\n\n\n<h3 class=\"has-text-align-center wp-block-heading\"><strong>Incremento de compras en linea de parte de los consumidores costarricenses.<\/strong><\/h3>\n\n\n\n<p>Segun el medio de comunicacion El Financiero de Costa Rica las transacciones en linea atravez de sitios web incrementaron de 329000000 de colones a 19603000000 de colones del a\u00f1o 2017 al 2020, incluso los pronosticos es que se incremente mas de la utlima cifra debido a la necesidad de parte de las Pymes a digitalizar sus empresas haciendo su tienda virtual para aceptar pagos en todo el territorio costarricence atravez de sus paginas web.<\/p>\n\n\n\n<h3 class=\"has-text-align-center wp-block-heading\"><strong>Cualquier tipo de negocio puede tener su tienda en linea.<\/strong><\/h3>\n\n\n\n<p>Hoy en dia en Costa Rica cualquier empresa ya sea peque\u00f1a, mediana o grande puede adquirir una tienda en linea ya sea adquiriendo plataformas propias o alquiladas a un proveedor de estos servicios y hosting. Existen multiples opciones de precios y tipos de pagos, todo depende de la necesidad y presupuesto del cliente, pero claro hay que tener mucho cuidado a la hora de escojer su proveedor ya que algunos no dan sus servicios completos y tambien tienen muchas limitaciones en sus sistemas. Nosotros podemos asegurarle a ustedes que pueden tener una plataforma propia sin limites de ingreso de productos, ancho de banda ilimitado y porsupuesto respaldos de los archivos y base de datos de la plataforma cada 24 horas de manera ilimitada. Recuerde que tener respaldos actualizados de todos sus sistemas y tiendas en linea es importante ante cualquier incidente.<\/p>\n\n\n\n<h3 class=\"wp-block-heading\"><strong>\u00bfC\u00f3mo funciona el Ecommerce en Costa Rica?<\/strong><\/h3>\n\n\n\n<h3 class=\"wp-block-heading\">\u00bfC\u00f3mo operan las empresas ticas a trav\u00e9s del comercio electr\u00f3nico?<\/h3>\n\n\n\n<p>Seg\u00fan el medio de comunicaci\u00f3n&nbsp;El Financiero Costa Rica,&nbsp;muchas empresas ticas operan a trav\u00e9s del comercio electr\u00f3nico por medio de sus sitios web especializados con un sistema de ecommerce para uso exclusivo en Costa Rica como plataforma centralizada donde se procesan los pagos electr\u00f3nicos con diferentes medios de pago.<\/p>\n\n\n\n<p>Lo que hacen estas empresas es conseguir clientes a trav\u00e9s de diferentes medios de comunicaci\u00f3n como por ejemplo las redes sociales(Facebook, Instagram, Twitter, entre otras) y Google, donde por medio de sus redes sociales los clientes ingresan al sitio web oficial y ah\u00ed realizan el pago a trav\u00e9s del sistema ecommerce del sitio web.<\/p>\n\n\n\n<h3 class=\"wp-block-heading\">\u00bfExiste infraestructura de log\u00edstica en Costa Rica para operar a trav\u00e9s del Ecommerce?<\/h3>\n\n\n\n<p>La respuesta es si, porque en Correos de Costa Rica tienen un departamento que se llama Pymes Express de Costa Rica, donde tienen un m\u00f3dulo para los sistemas de comercio electr\u00f3nico para los empresarios de Costa Rica. Cuando se integra este m\u00f3dulo en los sitios web, el sistema calcula el costo total del env\u00edo de acuerdo al peso de los productos, entonces calcula peso de producto + costo del producto + impuestos + trayecto del env\u00edo a domicilio. Una vez calculado todos estos par\u00e1metros, el cliente paga el total, procesa el pago en la plataforma, la empresa recibe el pedido en sus sistemas y despu\u00e9s el departamento de Pymes Express de Correos de Costa Rica va a recoger el producto a donde este ya sea en un local una bodega o una casa si el empresario est\u00e1 iniciando.<\/p>\n\n\n\n<h3 class=\"wp-block-heading\">En Costa Rica se increment\u00f3 hasta un 48% de compras atrev\u00e9s de internet.<\/h3>\n\n\n\n<p>Seg\u00fan el medio de comunicaci\u00f3n&nbsp;Delfino CR,&nbsp;a partir del a\u00f1o 2020 las compras por internet departe de los costarricenses incremento en un 48% debido a la pandemia, debido a ello los ticos adoptaron esa modalidad y en una reciente encuesta dicen el 90% de los encuestados de ese 48% que son activos en compras en l\u00ednea que mantendr\u00e1n la modalidad y la costumbre. Incluso seg\u00fan&nbsp;El Financiero de Costa Rica,&nbsp;se dice que esta es una tendencia que va a incrementar porque el costarricense le perdi\u00f3 el miedo a las compras por internet y prefieren que los productos les lleguen a sus casas. Incluso se ha comprobado que los clientes llegan a la tienda a ver primero el producto y luego lo piden a trav\u00e9s de la tienda en l\u00ednea para recibir el pedido en sus hogares.<\/p>\n\n\n\n<h3 class=\"wp-block-heading\">40% de los comercios en Costa Rica tienen su propio sistema de comercio electr\u00f3nico.<\/h3>\n\n\n\n<p>Seg\u00fan el medio de comunicaci\u00f3n&nbsp;Diario La Rublica de Costa Rica,&nbsp;el 40% de las empresas costarricenses tienen su propio sistema ecommerce y la tendencia incrementa debido a que la competencia est\u00e1 viendo que los que tienen sus propios sistemas de comercio electr\u00f3nico incrementaron sus ventas en los \u00faltimos a\u00f1os.<\/p>\n\n\n\n<p>El comercio electr\u00f3nico, tambi\u00e9n conocido como e-commerce, se refiere a la compra y venta de productos o servicios a trav\u00e9s de internet. En Costa Rica, el comercio electr\u00f3nico est\u00e1 en auge y cada vez m\u00e1s empresas ofrecen sus productos y servicios a trav\u00e9s de tiendas online. Esto se debe a que el comercio electr\u00f3nico ofrece numerosas ventajas tanto para empresas como para consumidores. A continuaci\u00f3n, enumeramos algunas de las principales ventajas del comercio electr\u00f3nico en Costa Rica. Para empresas, el comercio electr\u00f3nico representa una gran oportunidad de expandirse a nuevos mercados.<\/p>\n\n\n\n<p>El comercio electr\u00f3nico, tambi\u00e9n conocido como e-commerce, consiste en el intercambio de bienes y servicios a trav\u00e9s de Internet. Seg\u00fan la definici\u00f3n del Comit\u00e9 de Comercio Electr\u00f3nico de la C\u00e1mara de Comercio Internacional (ICC), el comercio electr\u00f3nico es \u201cel uso de tecnolog\u00edas de informaci\u00f3n y comunicaci\u00f3n para realizar todas las actividades relacionadas con el intercambio de bienes y servicios\u201d.<\/p>\n\n\n\n<h3 class=\"wp-block-heading\">Conclusi\u00f3n<\/h3>\n\n\n\n<p>Si usted es empresario y todav\u00eda no tiene su propio sistema ecommerce aqu\u00ed en Costa Rica, perm\u00edtame decirle que est\u00e1 perdiendo muchos clientes, ya que la mayor\u00eda de clientes adoptaron y siguen adoptando la modalidad de compras en l\u00ednea a trav\u00e9s de un sistema de comercio electr\u00f3nico.<\/p>\n\n\n\n<p>Si desea saber m\u00e1s acerca de los diferentes sistemas ecommerce que se pueden desarrollar en costa rica y dem\u00e1s informaci\u00f3n, puede hacer clic en el bot\u00f3n de abajo para ir a nuestra p\u00e1gina principal.<\/p>\n\n\n\n<p><strong>Si desea saber mas informacion hacerca de el desarrollo de su tienda en linea para su empresa de manera 100% personalizada puede darle clic al boton de abajo para atenderlo personalmente por WhatsApp:<\/strong><\/p>\n\n\n\n<div class=\"wp-block-buttons is-layout-flex wp-block-buttons-is-layout-flex\">\n<div class=\"wp-block-button\"><a class=\"wp-block-button__link has-background wp-element-button\" href=\"https:\/\/wa.link\/047yur\" style=\"background-color:#128c7e\" target=\"_blank\" rel=\"noreferrer noopener\">Consultar por WhatsApp<\/a><\/div>\n<\/div>\n","protected":false},"excerpt":{"rendered":"<p>Ecommerce en Costa Rica La demanda del ecommerce en Costa Rica ha crecido exponencialmente segun El Financiero de Costa Rica, ya que nuestro pais tiene infraestructura<span class=\"excerpt-hellip\"> [\u2026]<\/span><\/p>\n","protected":false},"author":1,"featured_media":98,"parent":0,"menu_order":0,"comment_status":"open","ping_status":"open","template":"","meta":{"footnotes":""},"class_list":["post-2","page","type-page","status-publish","has-post-thumbnail","hentry"],"yoast_head":"<!-- This site is optimized with the Yoast SEO plugin v25.2 - https:\/\/yoast.com\/wordpress\/plugins\/seo\/ -->\n<title>ecommerce costa rica Ecommerce Costa Rica<\/title>\n<meta name=\"description\" content=\"Desarrollo de sitios ecommerce en Costa Rica. Somos expertos en el desarrollo del comercio electr\u00f3nico en el pa\u00eds.\" \/>\n<meta name=\"robots\" content=\"index, follow, max-snippet:-1, max-image-preview:large, max-video-preview:-1\" \/>\n<link rel=\"canonical\" href=\"https:\/\/ecommercecostarica.com\/\" \/>\n<meta property=\"og:locale\" content=\"es_ES\" \/>\n<meta property=\"og:type\" content=\"article\" \/>\n<meta property=\"og:title\" content=\"ecommerce costa rica Ecommerce Costa Rica\" \/>\n<meta property=\"og:description\" content=\"Desarrollo de sitios ecommerce en Costa Rica. Somos expertos en el desarrollo del comercio electr\u00f3nico en el pa\u00eds.\" \/>\n<meta property=\"og:url\" content=\"https:\/\/ecommercecostarica.com\/\" \/>\n<meta property=\"og:site_name\" content=\"Ecommerce Costa Rica\" \/>\n<meta property=\"article:modified_time\" content=\"2025-06-08T04:59:31+00:00\" \/>\n<meta property=\"og:image\" content=\"https:\/\/ecommercecostarica.com\/wp-content\/uploads\/2022\/05\/ecommerce-costa-rica.jpg\" \/>\n\t<meta property=\"og:image:width\" content=\"724\" \/>\n\t<meta property=\"og:image:height\" content=\"483\" \/>\n\t<meta property=\"og:image:type\" content=\"image\/jpeg\" \/>\n<meta name=\"twitter:card\" content=\"summary_large_image\" \/>\n<meta name=\"twitter:label1\" content=\"Tiempo de lectura\" \/>\n\t<meta name=\"twitter:data1\" content=\"6 minutos\" \/>\n<script type=\"application\/ld+json\" class=\"yoast-schema-graph\">{\"@context\":\"https:\/\/schema.org\",\"@graph\":[{\"@type\":\"WebPage\",\"@id\":\"https:\/\/ecommercecostarica.com\/\",\"url\":\"https:\/\/ecommercecostarica.com\/\",\"name\":\"ecommerce costa rica Ecommerce Costa Rica\",\"isPartOf\":{\"@id\":\"https:\/\/ecommercecostarica.com\/#website\"},\"primaryImageOfPage\":{\"@id\":\"https:\/\/ecommercecostarica.com\/#primaryimage\"},\"image\":{\"@id\":\"https:\/\/ecommercecostarica.com\/#primaryimage\"},\"thumbnailUrl\":\"https:\/\/ecommercecostarica.com\/wp-content\/uploads\/2022\/05\/ecommerce-costa-rica.jpg\",\"datePublished\":\"2015-07-14T09:00:02+00:00\",\"dateModified\":\"2025-06-08T04:59:31+00:00\",\"description\":\"Desarrollo de sitios ecommerce en Costa Rica. Somos expertos en el desarrollo del comercio electr\u00f3nico en el pa\u00eds.\",\"breadcrumb\":{\"@id\":\"https:\/\/ecommercecostarica.com\/#breadcrumb\"},\"inLanguage\":\"es\",\"potentialAction\":[{\"@type\":\"ReadAction\",\"target\":[\"https:\/\/ecommercecostarica.com\/\"]}]},{\"@type\":\"ImageObject\",\"inLanguage\":\"es\",\"@id\":\"https:\/\/ecommercecostarica.com\/#primaryimage\",\"url\":\"https:\/\/ecommercecostarica.com\/wp-content\/uploads\/2022\/05\/ecommerce-costa-rica.jpg\",\"contentUrl\":\"https:\/\/ecommercecostarica.com\/wp-content\/uploads\/2022\/05\/ecommerce-costa-rica.jpg\",\"width\":724,\"height\":483,\"caption\":\"ecommerce-costa-rica\"},{\"@type\":\"BreadcrumbList\",\"@id\":\"https:\/\/ecommercecostarica.com\/#breadcrumb\",\"itemListElement\":[{\"@type\":\"ListItem\",\"position\":1,\"name\":\"Portada\",\"item\":\"https:\/\/ecommercecostarica.com\/\"},{\"@type\":\"ListItem\",\"position\":2,\"name\":\"ecommerce costa rica\"}]},{\"@type\":\"WebSite\",\"@id\":\"https:\/\/ecommercecostarica.com\/#website\",\"url\":\"https:\/\/ecommercecostarica.com\/\",\"name\":\"Ecommerce Costa Rica\",\"description\":\"\",\"publisher\":{\"@id\":\"https:\/\/ecommercecostarica.com\/#organization\"},\"potentialAction\":[{\"@type\":\"SearchAction\",\"target\":{\"@type\":\"EntryPoint\",\"urlTemplate\":\"https:\/\/ecommercecostarica.com\/?s={search_term_string}\"},\"query-input\":{\"@type\":\"PropertyValueSpecification\",\"valueRequired\":true,\"valueName\":\"search_term_string\"}}],\"inLanguage\":\"es\"},{\"@type\":\"Organization\",\"@id\":\"https:\/\/ecommercecostarica.com\/#organization\",\"name\":\"Ecommerce Costa Rica\",\"url\":\"https:\/\/ecommercecostarica.com\/\",\"logo\":{\"@type\":\"ImageObject\",\"inLanguage\":\"es\",\"@id\":\"https:\/\/ecommercecostarica.com\/#\/schema\/logo\/image\/\",\"url\":\"https:\/\/ecommercecostarica.com\/wp-content\/uploads\/2022\/05\/cropped-shopping-cart-icon-with-plus-sign-vector-20058580.jpg\",\"contentUrl\":\"https:\/\/ecommercecostarica.com\/wp-content\/uploads\/2022\/05\/cropped-shopping-cart-icon-with-plus-sign-vector-20058580.jpg\",\"width\":811,\"height\":811,\"caption\":\"Ecommerce Costa Rica\"},\"image\":{\"@id\":\"https:\/\/ecommercecostarica.com\/#\/schema\/logo\/image\/\"}}]}<\/script>\n<!-- \/ Yoast SEO plugin. -->","yoast_head_json":{"title":"ecommerce costa rica Ecommerce Costa Rica","description":"Desarrollo de sitios ecommerce en Costa Rica. Somos expertos en el desarrollo del comercio electr\u00f3nico en el pa\u00eds.","robots":{"index":"index","follow":"follow","max-snippet":"max-snippet:-1","max-image-preview":"max-image-preview:large","max-video-preview":"max-video-preview:-1"},"canonical":"https:\/\/ecommercecostarica.com\/","og_locale":"es_ES","og_type":"article","og_title":"ecommerce costa rica Ecommerce Costa Rica","og_description":"Desarrollo de sitios ecommerce en Costa Rica. Somos expertos en el desarrollo del comercio electr\u00f3nico en el pa\u00eds.","og_url":"https:\/\/ecommercecostarica.com\/","og_site_name":"Ecommerce Costa Rica","article_modified_time":"2025-06-08T04:59:31+00:00","og_image":[{"width":724,"height":483,"url":"https:\/\/ecommercecostarica.com\/wp-content\/uploads\/2022\/05\/ecommerce-costa-rica.jpg","type":"image\/jpeg"}],"twitter_card":"summary_large_image","twitter_misc":{"Tiempo de lectura":"6 minutos"},"schema":{"@context":"https:\/\/schema.org","@graph":[{"@type":"WebPage","@id":"https:\/\/ecommercecostarica.com\/","url":"https:\/\/ecommercecostarica.com\/","name":"ecommerce costa rica Ecommerce Costa Rica","isPartOf":{"@id":"https:\/\/ecommercecostarica.com\/#website"},"primaryImageOfPage":{"@id":"https:\/\/ecommercecostarica.com\/#primaryimage"},"image":{"@id":"https:\/\/ecommercecostarica.com\/#primaryimage"},"thumbnailUrl":"https:\/\/ecommercecostarica.com\/wp-content\/uploads\/2022\/05\/ecommerce-costa-rica.jpg","datePublished":"2015-07-14T09:00:02+00:00","dateModified":"2025-06-08T04:59:31+00:00","description":"Desarrollo de sitios ecommerce en Costa Rica. Somos expertos en el desarrollo del comercio electr\u00f3nico en el pa\u00eds.","breadcrumb":{"@id":"https:\/\/ecommercecostarica.com\/#breadcrumb"},"inLanguage":"es","potentialAction":[{"@type":"ReadAction","target":["https:\/\/ecommercecostarica.com\/"]}]},{"@type":"ImageObject","inLanguage":"es","@id":"https:\/\/ecommercecostarica.com\/#primaryimage","url":"https:\/\/ecommercecostarica.com\/wp-content\/uploads\/2022\/05\/ecommerce-costa-rica.jpg","contentUrl":"https:\/\/ecommercecostarica.com\/wp-content\/uploads\/2022\/05\/ecommerce-costa-rica.jpg","width":724,"height":483,"caption":"ecommerce-costa-rica"},{"@type":"BreadcrumbList","@id":"https:\/\/ecommercecostarica.com\/#breadcrumb","itemListElement":[{"@type":"ListItem","position":1,"name":"Portada","item":"https:\/\/ecommercecostarica.com\/"},{"@type":"ListItem","position":2,"name":"ecommerce costa rica"}]},{"@type":"WebSite","@id":"https:\/\/ecommercecostarica.com\/#website","url":"https:\/\/ecommercecostarica.com\/","name":"Ecommerce Costa Rica","description":"","publisher":{"@id":"https:\/\/ecommercecostarica.com\/#organization"},"potentialAction":[{"@type":"SearchAction","target":{"@type":"EntryPoint","urlTemplate":"https:\/\/ecommercecostarica.com\/?s={search_term_string}"},"query-input":{"@type":"PropertyValueSpecification","valueRequired":true,"valueName":"search_term_string"}}],"inLanguage":"es"},{"@type":"Organization","@id":"https:\/\/ecommercecostarica.com\/#organization","name":"Ecommerce Costa Rica","url":"https:\/\/ecommercecostarica.com\/","logo":{"@type":"ImageObject","inLanguage":"es","@id":"https:\/\/ecommercecostarica.com\/#\/schema\/logo\/image\/","url":"https:\/\/ecommercecostarica.com\/wp-content\/uploads\/2022\/05\/cropped-shopping-cart-icon-with-plus-sign-vector-20058580.jpg","contentUrl":"https:\/\/ecommercecostarica.com\/wp-content\/uploads\/2022\/05\/cropped-shopping-cart-icon-with-plus-sign-vector-20058580.jpg","width":811,"height":811,"caption":"Ecommerce Costa Rica"},"image":{"@id":"https:\/\/ecommercecostarica.com\/#\/schema\/logo\/image\/"}}]}},"_links":{"self":[{"href":"https:\/\/ecommercecostarica.com\/index.php\/wp-json\/wp\/v2\/pages\/2","targetHints":{"allow":["GET"]}}],"collection":[{"href":"https:\/\/ecommercecostarica.com\/index.php\/wp-json\/wp\/v2\/pages"}],"about":[{"href":"https:\/\/ecommercecostarica.com\/index.php\/wp-json\/wp\/v2\/types\/page"}],"author":[{"embeddable":true,"href":"https:\/\/ecommercecostarica.com\/index.php\/wp-json\/wp\/v2\/users\/1"}],"replies":[{"embeddable":true,"href":"https:\/\/ecommercecostarica.com\/index.php\/wp-json\/wp\/v2\/comments?post=2"}],"version-history":[{"count":1,"href":"https:\/\/ecommercecostarica.com\/index.php\/wp-json\/wp\/v2\/pages\/2\/revisions"}],"predecessor-version":[{"id":481,"href":"https:\/\/ecommercecostarica.com\/index.php\/wp-json\/wp\/v2\/pages\/2\/revisions\/481"}],"wp:featuredmedia":[{"embeddable":true,"href":"https:\/\/ecommercecostarica.com\/index.php\/wp-json\/wp\/v2\/media\/98"}],"wp:attachment":[{"href":"https:\/\/ecommercecostarica.com\/index.php\/wp-json\/wp\/v2\/media?parent=2"}],"curies":[{"name":"wp","href":"https:\/\/api.w.org\/{rel}","templated":true}]}}